{"id":116,"date":"2026-02-27T22:55:56","date_gmt":"2026-02-27T22:55:56","guid":{"rendered":"https:\/\/fotoiton.com\/?page_id=116"},"modified":"2026-03-05T09:26:50","modified_gmt":"2026-03-05T09:26:50","slug":"dienstleistungen-im-bereich-grafikdesign","status":"publish","type":"page","link":"https:\/\/fotoiton.com\/?page_id=116","title":{"rendered":"Dienstleistungen im Bereich Grafikdesign"},"content":{"rendered":"\n\n\n\n\n<h3>\u00dcber mich<\/h3><p><a href=\"https:\/\/www.behance.net\/fotoiton\">Mein Portfolio auf Behance<\/a><\/p>\n\n\n\n\nEntwicklung von Logos und Corporate Identity\n\n\n\ngrafisches Zeichnen von Hand\n\n\n\norbereitung und Layout von Dateien f\u00fcr den Digital-, Gro\u00dfformat- und Offsetdruck\n\n\n\nklassische Animation (Kurszertifikat)\n\n\n\nVektorisierung\n\n\n\nVideoaufzeichnung und -bearbeitung (Kurszertifikat)\n\n\n\nFotografie (Kurszertifikat), Fotobearbeitung, Retusche und Collage\n\n\n\n\n<p class=\"ds-markdown-paragraph\" style=\"margin-top: 16px; margin-bottom: 16px; background-color: rgb(255, 255, 255);\"><font color=\"#0f1115\" face=\"quote-cjk-patch, Inter, system-ui, -apple-system, BlinkMacSystemFont, Segoe UI, Roboto, Oxygen, Ubuntu, Cantarell, Open Sans, Helvetica Neue, sans-serif\">Seit 2016 habe ich das Privileg, das zu tun, was ich am meisten liebe: Unternehmen wie Ihrem dabei zu helfen, durch strategisches Design ihre Stimme und Vision zu finden. Mein Name ist Mikhail Sukharau, und ich bin Brand Designer, der sich darauf spezialisiert hat, Identit\u00e4ten zu schaffen, die nicht nur sch\u00f6n, sondern auch zutiefst funktional sind.<\/font><\/p><p class=\"ds-markdown-paragraph\" style=\"margin-top: 16px; margin-bottom: 16px; color: rgb(15, 17, 21); font-family: quote-cjk-patch, Inter, system-ui, -apple-system, BlinkMacSystemFont, &quot;Segoe UI&quot;, Roboto, Oxygen, Ubuntu, Cantarell, &quot;Open Sans&quot;, &quot;Helvetica Neue&quot;, sans-serif; background-color: rgb(255, 255, 255);\">Ich bin fest davon \u00fcberzeugt, dass Design mehr ist als nur die Schaffung eines sch\u00f6nen Erscheinungsbildes \u2013 es geht darum, ein koh\u00e4rentes System zu schaffen, das f\u00fcr Sie funktioniert. Mein Ansatz basiert auf Zusammenarbeit. Gemeinsam tauchen wir tief in die Besonderheiten Ihres Unternehmens, die Nuancen Ihrer Dienstleistungen und die einzigartigen Eigenschaften Ihrer Produkte ein. Es geht nicht darum, eine Einheitsl\u00f6sung anzuwenden; wir wollen den authentischen Kern Ihres Unternehmens freilegen. Darauf aufbauend entwickeln wir eine umfassende Strategie, die effektive L\u00f6sungen hervorbringt \u2013 mit Ergebnissen, die kurzfristig wirken und gleichzeitig ein Fundament f\u00fcr langfristigen Erfolg legen.<\/p><p class=\"ds-markdown-paragraph\" style=\"margin-top: 16px; margin-bottom: 16px; color: rgb(15, 17, 21); font-family: quote-cjk-patch, Inter, system-ui, -apple-system, BlinkMacSystemFont, &quot;Segoe UI&quot;, Roboto, Oxygen, Ubuntu, Cantarell, &quot;Open Sans&quot;, &quot;Helvetica Neue&quot;, sans-serif; background-color: rgb(255, 255, 255);\"><span style=\"font-weight: 600;\">Ihr Vorteil: Eine einheitliche Marke aus einer Hand<\/span><\/p><p class=\"ds-markdown-paragraph\" style=\"margin-top: 16px; margin-bottom: 16px; color: rgb(15, 17, 21); font-family: quote-cjk-patch, Inter, system-ui, -apple-system, BlinkMacSystemFont, &quot;Segoe UI&quot;, Roboto, Oxygen, Ubuntu, Cantarell, &quot;Open Sans&quot;, &quot;Helvetica Neue&quot;, sans-serif; background-color: rgb(255, 255, 255);\">Eine der gr\u00f6\u00dften Herausforderungen f\u00fcr moderne Unternehmen ist die Wahrung von Konsistenz. In einer Welt, in der Ihre Zielgruppe \u00fcber unz\u00e4hlige Touchpoints mit Ihnen interagiert, kann ein fragmentiertes Markenbild Ihre Botschaft verw\u00e4ssern und das Vertrauen untergraben.<\/p><p class=\"ds-markdown-paragraph\" style=\"margin-top: 16px; margin-bottom: 16px; color: rgb(15, 17, 21); font-family: quote-cjk-patch, Inter, system-ui, -apple-system, BlinkMacSystemFont, &quot;Segoe UI&quot;, Roboto, Oxygen, Ubuntu, Cantarell, &quot;Open Sans&quot;, &quot;Helvetica Neue&quot;, sans-serif; background-color: rgb(255, 255, 255);\">Mein gr\u00f6\u00dfter Mehrwert f\u00fcr Sie liegt in der Bereitstellung einer kompletten, integrierten L\u00f6sung. Wenn Sie mit mir zusammenarbeiten, erhalten Sie ein konsistentes und differenziertes Markenerlebnis \u00fcber alle Kan\u00e4le hinweg. Ob es sich um einen digitalen Touchpoint wie Ihre Website und soziale Medien handelt oder um einen analogen wie Ihre Visitenkarten, Verpackungen oder Brosch\u00fcren \u2013 das Erscheinungsbild und die Stimme Ihrer Marke sind perfekt aufeinander abgestimmt.<\/p><p class=\"ds-markdown-paragraph\" style=\"margin-top: 16px; margin-bottom: 16px; color: rgb(15, 17, 21); font-family: quote-cjk-patch, Inter, system-ui, -apple-system, BlinkMacSystemFont, &quot;Segoe UI&quot;, Roboto, Oxygen, Ubuntu, Cantarell, &quot;Open Sans&quot;, &quot;Helvetica Neue&quot;, sans-serif; background-color: rgb(255, 255, 255);\">Dieser ganzheitliche Ansatz stellt sicher, dass Sie sowohl inhaltlich als auch visuell einheitlich mit Ihrem Publikum kommunizieren. Das Ergebnis ist wirkungsvoll: Sie bauen echtes Vertrauen bei Ihren Bezugsgruppen auf. Sie wecken Neugier und motivieren dazu, mehr \u00fcber Ihr Angebot zu erfahren. Letztendlich ist es diese strategische Geschlossenheit, die aus einem zuf\u00e4lligen Betrachter einen loyalen Kunden macht und Ihnen hilft, Ihre wichtigsten Gesch\u00e4ftsziele zu erreichen.<\/p><p class=\"ds-markdown-paragraph\" style=\"margin-top: 16px; color: rgb(15, 17, 21); font-family: quote-cjk-patch, Inter, system-ui, -apple-system, BlinkMacSystemFont, &quot;Segoe UI&quot;, Roboto, Oxygen, Ubuntu, Cantarell, &quot;Open Sans&quot;, &quot;Helvetica Neue&quot;, sans-serif; background-color: rgb(255, 255, 255);\">Lassen Sie uns eine Marke aufbauen, die Ihre Geschichte erz\u00e4hlt, bei Ihrem Publikum Anklang findet und die Zeit \u00fcberdauert.<\/p>\n\n\n","protected":false},"excerpt":{"rendered":"","protected":false},"author":1,"featured_media":0,"parent":0,"menu_order":0,"comment_status":"closed","ping_status":"closed","template":"","meta":{"pagelayer_contact_templates":[],"_pagelayer_content":"","footnotes":""},"class_list":["post-116","page","type-page","status-publish","hentry"],"_links":{"self":[{"href":"https:\/\/fotoiton.com\/index.php?rest_route=\/wp\/v2\/pages\/116","targetHints":{"allow":["GET"]}}],"collection":[{"href":"https:\/\/fotoiton.com\/index.php?rest_route=\/wp\/v2\/pages"}],"about":[{"href":"https:\/\/fotoiton.com\/index.php?rest_route=\/wp\/v2\/types\/page"}],"author":[{"embeddable":true,"href":"https:\/\/fotoiton.com\/index.php?rest_route=\/wp\/v2\/users\/1"}],"replies":[{"embeddable":true,"href":"https:\/\/fotoiton.com\/index.php?rest_route=%2Fwp%2Fv2%2Fcomments&post=116"}],"version-history":[{"count":13,"href":"https:\/\/fotoiton.com\/index.php?rest_route=\/wp\/v2\/pages\/116\/revisions"}],"predecessor-version":[{"id":204,"href":"https:\/\/fotoiton.com\/index.php?rest_route=\/wp\/v2\/pages\/116\/revisions\/204"}],"wp:attachment":[{"href":"https:\/\/fotoiton.com\/index.php?rest_route=%2Fwp%2Fv2%2Fmedia&parent=116"}],"curies":[{"name":"wp","href":"https:\/\/api.w.org\/{rel}","templated":true}]}}