{"id":7,"date":"2025-05-30T14:16:25","date_gmt":"2025-05-30T14:16:25","guid":{"rendered":"https:\/\/fotoiton.com\/?page_id=7"},"modified":"2026-03-12T09:17:41","modified_gmt":"2026-03-12T09:17:41","slug":"cart","status":"publish","type":"page","link":"https:\/\/fotoiton.com\/?page_id=7","title":{"rendered":"\u041a\u043e\u0440\u0437\u0438\u043d\u0430"},"content":{"rendered":"\n<div data-block-name=\"woocommerce\/cart\" class=\"wp-block-woocommerce-cart alignwide is-loading\">\n<div data-block-name=\"woocommerce\/filled-cart-block\" class=\"wp-block-woocommerce-filled-cart-block\">\n<div data-block-name=\"woocommerce\/cart-items-block\" class=\"wp-block-woocommerce-cart-items-block\">\n<div data-block-name=\"woocommerce\/cart-line-items-block\" class=\"wp-block-woocommerce-cart-line-items-block\"><\/div>\n\n\n\n<div data-block-name=\"woocommerce\/cart-cross-sells-block\" class=\"wp-block-woocommerce-cart-cross-sells-block\">\n<h2 class=\"wp-block-heading has-large-font-size\">\u0412\u0430\u0441 \u043c\u043e\u0436\u0435\u0442 \u0437\u0430\u0438\u043d\u0442\u0435\u0440\u0435\u0441\u043e\u0432\u0430\u0442\u044c\u2026<\/h2>\n\n\n\n<div data-block-name=\"woocommerce\/cart-cross-sells-products-block\" class=\"wp-block-woocommerce-cart-cross-sells-products-block\"><\/div>\n<\/div>\n<\/div>\n\n\n\n<div data-block-name=\"woocommerce\/cart-totals-block\" class=\"wp-block-woocommerce-cart-totals-block\">\n<div data-block-name=\"woocommerce\/cart-order-summary-block\" class=\"wp-block-woocommerce-cart-order-summary-block\">\n<div data-block-name=\"woocommerce\/cart-order-summary-heading-block\" class=\"wp-block-woocommerce-cart-order-summary-heading-block\"><\/div><div data-block-name=\"woocommerce\/cart-order-summary-coupon-form-block\" class=\"wp-block-woocommerce-cart-order-summary-coupon-form-block\"><\/div><div data-block-name=\"woocommerce\/cart-order-summary-totals-block\" class=\"wp-block-woocommerce-cart-order-summary-totals-block\">\n<div data-block-name=\"woocommerce\/cart-order-summary-subtotal-block\" class=\"wp-block-woocommerce-cart-order-summary-subtotal-block\"><\/div>\n<div data-block-name=\"woocommerce\/cart-order-summary-discount-block\" class=\"wp-block-woocommerce-cart-order-summary-discount-block\"><\/div>\n<div data-block-name=\"woocommerce\/cart-order-summary-fee-block\" class=\"wp-block-woocommerce-cart-order-summary-fee-block\"><\/div>\n<div data-block-name=\"woocommerce\/cart-order-summary-shipping-block\" class=\"wp-block-woocommerce-cart-order-summary-shipping-block\"><\/div>\n<div data-block-name=\"woocommerce\/cart-order-summary-taxes-block\" class=\"wp-block-woocommerce-cart-order-summary-taxes-block\"><\/div><\/div>\n<\/div>\n\n\n\n<div data-block-name=\"woocommerce\/cart-express-payment-block\" class=\"wp-block-woocommerce-cart-express-payment-block\"><\/div>\n\n\n\n<div data-block-name=\"woocommerce\/proceed-to-checkout-block\" class=\"wp-block-woocommerce-proceed-to-checkout-block\"><\/div>\n\n\n\n<div data-block-name=\"woocommerce\/cart-accepted-payment-methods-block\" class=\"wp-block-woocommerce-cart-accepted-payment-methods-block\"><\/div>\n<\/div>\n<\/div>\n\n\n\n<div data-block-name=\"woocommerce\/empty-cart-block\" class=\"wp-block-woocommerce-empty-cart-block\">\n<h2 class=\"wp-block-heading has-text-align-center with-empty-cart-icon wc-block-cart__empty-cart__title\">\u0421\u0435\u0439\u0447\u0430\u0441 \u0432\u0430\u0448\u0430 \u043a\u043e\u0440\u0437\u0438\u043d\u0430 \u043f\u0443\u0441\u0442\u0430!<\/h2>\n\n\n\n<hr class=\"wp-block-separator has-alpha-channel-opacity is-style-dots\"\/>\n\n\n\n<h2 class=\"wp-block-heading has-text-align-center\">\u041d\u043e\u0432\u0438\u043d\u043a\u0430 \u0432 \u043c\u0430\u0433\u0430\u0437\u0438\u043d\u0435<\/h2>\n\n\n<div data-block-name=\"woocommerce\/product-new\" data-columns=\"4\" data-rows=\"1\" class=\"wc-block-grid wp-block-product-new wp-block-woocommerce-product-new wc-block-product-new has-4-columns\"><ul class=\"wc-block-grid__products\"><li class=\"wc-block-grid__product\">\n\t\t\t\t<a href=\"https:\/\/fotoiton.com\/?product=%d0%b4%d0%bb%d1%8f-%d0%be%d1%81%d0%be%d0%b1%d1%8b%d1%85-%d1%81%d0%bb%d1%83%d1%87%d0%b0%d0%b5%d0%b2-%d1%80%d0%b0%d0%b7%d0%b2%d0%b8%d0%b2%d0%b0%d1%8e%d1%89%d0%b0%d1%8f-%d0%ba%d0%bd%d0%b8%d0%b3%d0%b0-p\" class=\"wc-block-grid__product-link\">\n\t\t\t\t\t\n\t\t\t\t\t<div class=\"wc-block-grid__product-image\"><img loading=\"lazy\" decoding=\"async\" width=\"300\" height=\"300\" src=\"https:\/\/fotoiton.com\/wp-content\/uploads\/2026\/04\/oblozka-copy-300x300.jpg\" class=\"attachment-woocommerce_thumbnail size-woocommerce_thumbnail\" alt=\"\u0414\u043b\u044f \u043e\u0441\u043e\u0431\u044b\u0445 \u0441\u043b\u0443\u0447\u0430\u0435\u0432. \u0420\u0430\u0437\u0432\u0438\u0432\u0430\u044e\u0449\u0430\u044f \u043a\u043d\u0438\u0433\u0430 (PDF). \u0422\u0435\u0440\u0430\u043f\u0435\u0432\u0442\u0438\u0447\u0435\u0441\u043a\u0438\u0435 \u043a\u0430\u0440\u0442\u044b.\" srcset=\"https:\/\/fotoiton.com\/wp-content\/uploads\/2026\/04\/oblozka-copy-300x300.jpg 300w, https:\/\/fotoiton.com\/wp-content\/uploads\/2026\/04\/oblozka-copy-150x150.jpg 150w, https:\/\/fotoiton.com\/wp-content\/uploads\/2026\/04\/oblozka-copy-100x100.jpg 100w\" sizes=\"auto, (max-width: 300px) 100vw, 300px\" \/><\/div>\n\t\t\t\t\t<div class=\"wc-block-grid__product-title\">\u0414\u043b\u044f \u043e\u0441\u043e\u0431\u044b\u0445 \u0441\u043b\u0443\u0447\u0430\u0435\u0432. \u0420\u0430\u0437\u0432\u0438\u0432\u0430\u044e\u0449\u0430\u044f \u043a\u043d\u0438\u0433\u0430 (PDF). \u0422\u0435\u0440\u0430\u043f\u0435\u0432\u0442\u0438\u0447\u0435\u0441\u043a\u0438\u0435 \u043a\u0430\u0440\u0442\u044b.<\/div>\n\t\t\t\t<\/a>\n\t\t\t\t<div class=\"wc-block-grid__product-price price\"><span class=\"woocommerce-Price-amount amount\">6,50&nbsp;<span class=\"woocommerce-Price-currencySymbol\">&#036;<\/span><\/span><\/div>\n\t\t\t\t\n\t\t\t\t<div class=\"wp-block-button wc-block-grid__product-add-to-cart\"><a href=\"\/index.php?rest_route=%2Fwp%2Fv2%2Fpages%2F7&#038;add-to-cart=291\" aria-label=\"\u0414\u043e\u0431\u0430\u0432\u0438\u0442\u044c \u0432 \u043a\u043e\u0440\u0437\u0438\u043d\u0443 &laquo;\u0414\u043b\u044f \u043e\u0441\u043e\u0431\u044b\u0445 \u0441\u043b\u0443\u0447\u0430\u0435\u0432. \u0420\u0430\u0437\u0432\u0438\u0432\u0430\u044e\u0449\u0430\u044f \u043a\u043d\u0438\u0433\u0430 (PDF). \u0422\u0435\u0440\u0430\u043f\u0435\u0432\u0442\u0438\u0447\u0435\u0441\u043a\u0438\u0435 \u043a\u0430\u0440\u0442\u044b.&raquo;\" data-quantity=\"1\" data-product_id=\"291\" data-product_sku=\"\" data-price=\"6.5\" rel=\"nofollow\" class=\"wp-block-button__link  add_to_cart_button ajax_add_to_cart\">\u0412 \u043a\u043e\u0440\u0437\u0438\u043d\u0443<\/a><\/div>\n\t\t\t<\/li><li class=\"wc-block-grid__product\">\n\t\t\t\t<a href=\"https:\/\/fotoiton.com\/?product=titel-fur-besondere-anlasse-das-activity-buch-pdf-therapeutische-reflexionskarten\" class=\"wc-block-grid__product-link\">\n\t\t\t\t\t\n\t\t\t\t\t<div class=\"wc-block-grid__product-image\"><img loading=\"lazy\" decoding=\"async\" width=\"300\" height=\"300\" src=\"https:\/\/fotoiton.com\/wp-content\/uploads\/2026\/04\/abdeckung-copy-300x300.jpg\" class=\"attachment-woocommerce_thumbnail size-woocommerce_thumbnail\" alt=\"Titel: F\u00fcr besondere Anl\u00e4sse. Das Activity-Buch (PDF). Therapeutische Reflexionskarten\" srcset=\"https:\/\/fotoiton.com\/wp-content\/uploads\/2026\/04\/abdeckung-copy-300x300.jpg 300w, https:\/\/fotoiton.com\/wp-content\/uploads\/2026\/04\/abdeckung-copy-150x150.jpg 150w, https:\/\/fotoiton.com\/wp-content\/uploads\/2026\/04\/abdeckung-copy-100x100.jpg 100w\" sizes=\"auto, (max-width: 300px) 100vw, 300px\" \/><\/div>\n\t\t\t\t\t<div class=\"wc-block-grid__product-title\">Titel: F\u00fcr besondere Anl\u00e4sse. Das Activity-Buch (PDF). Therapeutische Reflexionskarten<\/div>\n\t\t\t\t<\/a>\n\t\t\t\t<div class=\"wc-block-grid__product-price price\"><span class=\"woocommerce-Price-amount amount\">8,50&nbsp;<span class=\"woocommerce-Price-currencySymbol\">&#036;<\/span><\/span><\/div>\n\t\t\t\t\n\t\t\t\t<div class=\"wp-block-button wc-block-grid__product-add-to-cart\"><a href=\"\/index.php?rest_route=%2Fwp%2Fv2%2Fpages%2F7&#038;add-to-cart=268\" aria-label=\"\u0414\u043e\u0431\u0430\u0432\u0438\u0442\u044c \u0432 \u043a\u043e\u0440\u0437\u0438\u043d\u0443 &laquo;Titel: F\u00fcr besondere Anl\u00e4sse. Das Activity-Buch (PDF). Therapeutische Reflexionskarten&raquo;\" data-quantity=\"1\" data-product_id=\"268\" data-product_sku=\"\" data-price=\"8.5\" rel=\"nofollow\" class=\"wp-block-button__link  add_to_cart_button ajax_add_to_cart\">\u0412 \u043a\u043e\u0440\u0437\u0438\u043d\u0443<\/a><\/div>\n\t\t\t<\/li><li class=\"wc-block-grid__product\">\n\t\t\t\t<a href=\"https:\/\/fotoiton.com\/?product=228\" class=\"wc-block-grid__product-link\">\n\t\t\t\t\t\n\t\t\t\t\t<div class=\"wc-block-grid__product-image\"><img loading=\"lazy\" decoding=\"async\" width=\"300\" height=\"300\" src=\"https:\/\/fotoiton.com\/wp-content\/uploads\/2026\/02\/cover-copy-300x300.jpg\" class=\"attachment-woocommerce_thumbnail size-woocommerce_thumbnail\" alt=\"For Special Occasions. The Activity Book (PDF). Therapeutic reflection cards\" srcset=\"https:\/\/fotoiton.com\/wp-content\/uploads\/2026\/02\/cover-copy-300x300.jpg 300w, https:\/\/fotoiton.com\/wp-content\/uploads\/2026\/02\/cover-copy-150x150.jpg 150w, https:\/\/fotoiton.com\/wp-content\/uploads\/2026\/02\/cover-copy-100x100.jpg 100w\" sizes=\"auto, (max-width: 300px) 100vw, 300px\" \/><\/div>\n\t\t\t\t\t<div class=\"wc-block-grid__product-title\">For Special Occasions. The Activity Book (PDF). Therapeutic reflection cards<\/div>\n\t\t\t\t<\/a>\n\t\t\t\t<div class=\"wc-block-grid__product-price price\"><span class=\"woocommerce-Price-amount amount\">8,50&nbsp;<span class=\"woocommerce-Price-currencySymbol\">&#036;<\/span><\/span><\/div>\n\t\t\t\t\n\t\t\t\t<div class=\"wp-block-button wc-block-grid__product-add-to-cart\"><a href=\"\/index.php?rest_route=%2Fwp%2Fv2%2Fpages%2F7&#038;add-to-cart=228\" aria-label=\"\u0414\u043e\u0431\u0430\u0432\u0438\u0442\u044c \u0432 \u043a\u043e\u0440\u0437\u0438\u043d\u0443 &laquo;For Special Occasions. The Activity Book (PDF). Therapeutic reflection cards&raquo;\" data-quantity=\"1\" data-product_id=\"228\" data-product_sku=\"\" data-price=\"8.5\" rel=\"nofollow\" class=\"wp-block-button__link  add_to_cart_button ajax_add_to_cart\">\u0412 \u043a\u043e\u0440\u0437\u0438\u043d\u0443<\/a><\/div>\n\t\t\t<\/li><li class=\"wc-block-grid__product\">\n\t\t\t\t<a href=\"https:\/\/fotoiton.com\/?product=%d0%ba%d0%bd%d0%b8%d0%b3%d0%b0_%d1%82%d0%b5%d1%81%d1%82\" class=\"wc-block-grid__product-link\">\n\t\t\t\t\t\n\t\t\t\t\t<div class=\"wc-block-grid__product-image\"><img loading=\"lazy\" decoding=\"async\" width=\"300\" height=\"300\" src=\"https:\/\/fotoiton.com\/wp-content\/uploads\/2026\/02\/Okladka-copy-300x300.jpg\" class=\"attachment-woocommerce_thumbnail size-woocommerce_thumbnail\" alt=\"Na wyj\u0105tkowe spotkania. Ksi\u0119ga przys\u0142\u00f3w (PDF). Karty refleksji terapeutycznej\" srcset=\"https:\/\/fotoiton.com\/wp-content\/uploads\/2026\/02\/Okladka-copy-300x300.jpg 300w, https:\/\/fotoiton.com\/wp-content\/uploads\/2026\/02\/Okladka-copy-150x150.jpg 150w, https:\/\/fotoiton.com\/wp-content\/uploads\/2026\/02\/Okladka-copy-100x100.jpg 100w\" sizes=\"auto, (max-width: 300px) 100vw, 300px\" \/><\/div>\n\t\t\t\t\t<div class=\"wc-block-grid__product-title\">Na wyj\u0105tkowe spotkania. Ksi\u0119ga przys\u0142\u00f3w (PDF). Karty refleksji terapeutycznej<\/div>\n\t\t\t\t<\/a>\n\t\t\t\t<div class=\"wc-block-grid__product-price price\"><span class=\"woocommerce-Price-amount amount\">6,50&nbsp;<span class=\"woocommerce-Price-currencySymbol\">&#036;<\/span><\/span><\/div>\n\t\t\t\t\n\t\t\t\t<div class=\"wp-block-button wc-block-grid__product-add-to-cart\"><a href=\"\/index.php?rest_route=%2Fwp%2Fv2%2Fpages%2F7&#038;add-to-cart=79\" aria-label=\"\u0414\u043e\u0431\u0430\u0432\u0438\u0442\u044c \u0432 \u043a\u043e\u0440\u0437\u0438\u043d\u0443 &laquo;Na wyj\u0105tkowe spotkania. Ksi\u0119ga przys\u0142\u00f3w (PDF). Karty refleksji terapeutycznej&raquo;\" data-quantity=\"1\" data-product_id=\"79\" data-product_sku=\"\" data-price=\"6.5\" rel=\"nofollow\" class=\"wp-block-button__link  add_to_cart_button ajax_add_to_cart\">\u0412 \u043a\u043e\u0440\u0437\u0438\u043d\u0443<\/a><\/div>\n\t\t\t<\/li><\/ul><\/div><\/div>\n<\/div>\n","protected":false},"excerpt":{"rendered":"","protected":false},"author":1,"featured_media":0,"parent":0,"menu_order":0,"comment_status":"closed","ping_status":"closed","template":"","meta":{"pagelayer_contact_templates":[],"_pagelayer_content":"","footnotes":""},"class_list":["post-7","page","type-page","status-publish","hentry"],"_links":{"self":[{"href":"https:\/\/fotoiton.com\/index.php?rest_route=\/wp\/v2\/pages\/7","targetHints":{"allow":["GET"]}}],"collection":[{"href":"https:\/\/fotoiton.com\/index.php?rest_route=\/wp\/v2\/pages"}],"about":[{"href":"https:\/\/fotoiton.com\/index.php?rest_route=\/wp\/v2\/types\/page"}],"author":[{"embeddable":true,"href":"https:\/\/fotoiton.com\/index.php?rest_route=\/wp\/v2\/users\/1"}],"replies":[{"embeddable":true,"href":"https:\/\/fotoiton.com\/index.php?rest_route=%2Fwp%2Fv2%2Fcomments&post=7"}],"version-history":[{"count":1,"href":"https:\/\/fotoiton.com\/index.php?rest_route=\/wp\/v2\/pages\/7\/revisions"}],"predecessor-version":[{"id":252,"href":"https:\/\/fotoiton.com\/index.php?rest_route=\/wp\/v2\/pages\/7\/revisions\/252"}],"wp:attachment":[{"href":"https:\/\/fotoiton.com\/index.php?rest_route=%2Fwp%2Fv2%2Fmedia&parent=7"}],"curies":[{"name":"wp","href":"https:\/\/api.w.org\/{rel}","templated":true}]}}