{"id":268,"date":"2026-04-03T06:19:22","date_gmt":"2026-04-03T06:19:22","guid":{"rendered":"https:\/\/fotoiton.com\/?post_type=product&#038;p=268"},"modified":"2026-04-06T13:18:12","modified_gmt":"2026-04-06T13:18:12","slug":"titel-fur-besondere-anlasse-das-activity-buch-pdf-therapeutische-reflexionskarten","status":"publish","type":"product","link":"https:\/\/fotoiton.com\/?product=titel-fur-besondere-anlasse-das-activity-buch-pdf-therapeutische-reflexionskarten","title":{"rendered":"Titel: F\u00fcr besondere Anl\u00e4sse. Das Activity-Buch (PDF). Therapeutische Reflexionskarten"},"content":{"rendered":"<p><strong>\u201eF\u00fcr besondere Anl\u00e4sse\u201c<\/strong> \u2013 Diese Publikation kombiniert deutsche Sprichw\u00f6rter, Ausmalbilder und einfache Kreuzwortr\u00e4tsel, die die gemeinsame Zeit strukturieren und eine beruhigende Besch\u00e4ftigung bieten. Sie k\u00f6nnen in Stille und im eigenen Tempo genutzt werden, ohne eine Reaktion zu erwarten. Alle Texte im Abschnitt \u201eGemeinsame Aktivit\u00e4ten\u201c sind in einfacher, neutraler Sprache verfasst und verzichten auf schwierige oder belastende W\u00f6rter. Erl\u00e4uterungen und organisatorische Hinweise befinden sich am Ende des Buches und sind ausschlie\u00dflich f\u00fcr die Begleitperson bestimmt.<\/p>\n<p style=\"text-align: center;\"><strong>\u201eF\u00fcr besondere Anl\u00e4sse\u201c \u2013 <\/strong>Ich bin f\u00fcr dich da, wann immer du mich brauchst. F\u00fcr einen gemeinsamen Moment. F\u00fcr das Zusammensein.<\/p>\n","protected":false},"excerpt":{"rendered":"<p class=\"ds-markdown-paragraph\"><strong>\u201eF\u00fcr besondere Anl\u00e4sse\u201c \u2013 Malbuch mit Sprichw\u00f6rtern &amp; Kreuzwortr\u00e4tseln<\/strong><\/p>\n<p class=\"ds-markdown-paragraph\">Dieses besondere Buch kombiniert deutsche Sprichw\u00f6rter, liebevolle Ausmalbilder und einfache Kreuzwortr\u00e4tsel. Es schafft strukturierte gemeinsame Momente \u2013 in Stille, im eigenen Tempo, ohne Erwartung einer Reaktion. Die Texte sind in einfacher, neutraler Sprache gehalten, ohne schwierige oder belastende W\u00f6rter. Ein begleitender L\u00f6sungsteil f\u00fcr Erwachsene befindet sich am Ende. Ideal f\u00fcr besondere Anl\u00e4sse, um einfach f\u00fcreinander da zu sein.<\/p>\n","protected":false},"featured_media":275,"comment_status":"open","ping_status":"closed","template":"","meta":{"pagelayer_contact_templates":[],"_pagelayer_content":""},"product_brand":[],"product_cat":[15],"product_tag":[],"class_list":{"0":"post-268","1":"product","2":"type-product","3":"status-publish","4":"has-post-thumbnail","6":"product_cat-misc","8":"first","9":"instock","10":"downloadable","11":"virtual","12":"purchasable","13":"product-type-simple"},"_links":{"self":[{"href":"https:\/\/fotoiton.com\/index.php?rest_route=\/wp\/v2\/product\/268","targetHints":{"allow":["GET"]}}],"collection":[{"href":"https:\/\/fotoiton.com\/index.php?rest_route=\/wp\/v2\/product"}],"about":[{"href":"https:\/\/fotoiton.com\/index.php?rest_route=\/wp\/v2\/types\/product"}],"replies":[{"embeddable":true,"href":"https:\/\/fotoiton.com\/index.php?rest_route=%2Fwp%2Fv2%2Fcomments&post=268"}],"wp:featuredmedia":[{"embeddable":true,"href":"https:\/\/fotoiton.com\/index.php?rest_route=\/wp\/v2\/media\/275"}],"wp:attachment":[{"href":"https:\/\/fotoiton.com\/index.php?rest_route=%2Fwp%2Fv2%2Fmedia&parent=268"}],"wp:term":[{"taxonomy":"product_brand","embeddable":true,"href":"https:\/\/fotoiton.com\/index.php?rest_route=%2Fwp%2Fv2%2Fproduct_brand&post=268"},{"taxonomy":"product_cat","embeddable":true,"href":"https:\/\/fotoiton.com\/index.php?rest_route=%2Fwp%2Fv2%2Fproduct_cat&post=268"},{"taxonomy":"product_tag","embeddable":true,"href":"https:\/\/fotoiton.com\/index.php?rest_route=%2Fwp%2Fv2%2Fproduct_tag&post=268"}],"curies":[{"name":"wp","href":"https:\/\/api.w.org\/{rel}","templated":true}]}}