{"id":79,"date":"2026-02-26T04:38:53","date_gmt":"2026-02-26T04:38:53","guid":{"rendered":"https:\/\/fotoiton.com\/?post_type=product&#038;p=79"},"modified":"2026-03-13T09:00:59","modified_gmt":"2026-03-13T09:00:59","slug":"%d0%ba%d0%bd%d0%b8%d0%b3%d0%b0_%d1%82%d0%b5%d1%81%d1%82","status":"publish","type":"product","link":"https:\/\/fotoiton.com\/?product=%d0%ba%d0%bd%d0%b8%d0%b3%d0%b0_%d1%82%d0%b5%d1%81%d1%82","title":{"rendered":"Na wyj\u0105tkowe spotkania. Ksi\u0119ga przys\u0142\u00f3w (PDF). Karty refleksji terapeutycznej"},"content":{"rendered":"<p><strong>Witamy w \u015bwiecie, w kt\u00f3rym kreatywno\u015b\u0107 nie zna granic!<\/strong><\/p>\n<p>Ta ksi\u0119ga przys\u0142\u00f3w to Tw\u00f3j paszport do godzin kreatywnej zabawy.<br \/>\nW \u015brodku znajdziesz zachwycaj\u0105cy zestaw kolorowanek<br \/>\nwype\u0142nionych \u017cywymi postaciami, przygodami z \u0142\u0105czeniem kropek,<br \/>\nkt\u00f3re ods\u0142aniaj\u0105 ukryte obrazki, oraz zabawnymi krzy\u017c\u00f3wkami,<br \/>\nkt\u00f3re pobudzaj\u0105 m\u00f3zg.<\/p>\n<p>Ka\u017cda strona to nowa okazja do odkrywania, tworzenia<br \/>\ni cieszenia si\u0119 prost\u0105 rado\u015bci\u0105 tworzenia czego\u015b wyj\u0105tkowego.<\/p>\n<p>We\u017a wi\u0119c swoje ulubione o\u0142\u00f3wki, markery lub kredki \u2014<br \/>\ni niech podr\u00f3\u017c si\u0119 rozpocznie!<\/p>\n","protected":false},"excerpt":{"rendered":"<p>Witamy w \u015bwiecie, w kt\u00f3rym kreatywno\u015b\u0107 nie zna granic! Ta ksi\u0119ga przys\u0142\u00f3w to Tw\u00f3j paszport do godzin kreatywnej zabawy. W \u015brodku znajdziesz zachwycaj\u0105cy zestaw kolorowanek wype\u0142nionych \u017cywymi postaciami, przygodami z \u0142\u0105czeniem kropek, kt\u00f3re ods\u0142aniaj\u0105 ukryte obrazki, oraz zabawnymi krzy\u017c\u00f3wkami, kt\u00f3re pobudzaj\u0105 m\u00f3zg. Ka\u017cda strona to nowa okazja do odkrywania, tworzenia i cieszenia si\u0119 prost\u0105 rado\u015bci\u0105 [&hellip;]<\/p>\n","protected":false},"featured_media":263,"comment_status":"open","ping_status":"closed","template":"","meta":{"pagelayer_contact_templates":[],"_pagelayer_content":""},"product_brand":[],"product_cat":[15],"product_tag":[],"class_list":{"0":"post-79","1":"product","2":"type-product","3":"status-publish","4":"has-post-thumbnail","6":"product_cat-misc","8":"first","9":"instock","10":"downloadable","11":"virtual","12":"taxable","13":"purchasable","14":"product-type-simple"},"_links":{"self":[{"href":"https:\/\/fotoiton.com\/index.php?rest_route=\/wp\/v2\/product\/79","targetHints":{"allow":["GET"]}}],"collection":[{"href":"https:\/\/fotoiton.com\/index.php?rest_route=\/wp\/v2\/product"}],"about":[{"href":"https:\/\/fotoiton.com\/index.php?rest_route=\/wp\/v2\/types\/product"}],"replies":[{"embeddable":true,"href":"https:\/\/fotoiton.com\/index.php?rest_route=%2Fwp%2Fv2%2Fcomments&post=79"}],"wp:featuredmedia":[{"embeddable":true,"href":"https:\/\/fotoiton.com\/index.php?rest_route=\/wp\/v2\/media\/263"}],"wp:attachment":[{"href":"https:\/\/fotoiton.com\/index.php?rest_route=%2Fwp%2Fv2%2Fmedia&parent=79"}],"wp:term":[{"taxonomy":"product_brand","embeddable":true,"href":"https:\/\/fotoiton.com\/index.php?rest_route=%2Fwp%2Fv2%2Fproduct_brand&post=79"},{"taxonomy":"product_cat","embeddable":true,"href":"https:\/\/fotoiton.com\/index.php?rest_route=%2Fwp%2Fv2%2Fproduct_cat&post=79"},{"taxonomy":"product_tag","embeddable":true,"href":"https:\/\/fotoiton.com\/index.php?rest_route=%2Fwp%2Fv2%2Fproduct_tag&post=79"}],"curies":[{"name":"wp","href":"https:\/\/api.w.org\/{rel}","templated":true}]}}